{"id":1982,"date":"2024-06-28T07:50:41","date_gmt":"2024-06-28T05:50:41","guid":{"rendered":"http:\/\/lean-construction.pl\/?page_id=1982"},"modified":"2024-06-28T07:52:33","modified_gmt":"2024-06-28T05:52:33","slug":"rodo","status":"publish","type":"page","link":"https:\/\/lean-construction.pl\/en\/rodo\/","title":{"rendered":"RODO"},"content":{"rendered":"<div data-elementor-type=\"wp-page\" data-elementor-id=\"1982\" class=\"elementor elementor-1982\" data-elementor-post-type=\"page\">\n\t\t\t\t<div class=\"elementor-element elementor-element-819d0a0 e-flex e-con-boxed e-con e-parent\" data-id=\"819d0a0\" data-element_type=\"container\" data-e-type=\"container\">\n\t\t\t\t\t<div class=\"e-con-inner\">\n\t\t\t\t<div class=\"elementor-element elementor-element-dca09b6 elementor-widget elementor-widget-text-editor\" data-id=\"dca09b6\" data-element_type=\"widget\" data-e-type=\"widget\" data-widget_type=\"text-editor.default\">\n\t\t\t\t<div class=\"elementor-widget-container\">\n\t\t\t\t\t\t\t\t\t<p class=\"p1\"><b><i>Obowi\u0105zek informacyjny:<\/i><\/b><\/p><p class=\"p2\"><b>Administrator<\/b><\/p><p class=\"p1\">Administratorem Pani\/Pana danych osobowych jest BE Partners Sp\u00f3\u0142ka z Ograniczon\u0105 Odpowiedzialno\u015bci\u0105, ul. Lubczykowa 13, 55-003 Krzyk\u00f3w, NIP: 896 161 1973, REGON: 521520621<\/p><p class=\"p1\">Mo\u017ce si\u0119 Pani\/Pan skontaktowa\u0107 z Administratorem danych wysy\u0142aj\u0105c wiadomo\u015b\u0107 e-mail na adres: kontakt@lean-construction.pl<\/p><p class=\"p2\"><b>Podstawa i cel przetwarzania<\/b><\/p><p class=\"p1\">Pani\/Pana dane osobowe obejmuj\u0105ce imi\u0119, nazwisko oraz adres e-mail b\u0119d\u0105 przetwarzane na podstawie prawnie uzasadnionego interesu Administratora danych w postaci prowadzenia dzia\u0142a\u0144 marketingowych dotycz\u0105cych produkt\u00f3w lub us\u0142ug Administratora. Prawn\u0105 podstaw\u0105 do przetwarzania danych osobowych jest przepis art. 6 ust. 1 lit f) Rozporz\u0105dzenia Parlamentu Europejskiego i Rady (UE) 2016\/679 z dnia 27 kwietnia 2016 r. w sprawie ochrony os\u00f3b fizycznych w zwi\u0105zku z przetwarzaniem danych osobowych i w sprawie swobodnego przep\u0142ywu takich danych oraz uchylenia dyrektywy 95\/46\/WE (og\u00f3lne rozporz\u0105dzenie o ochronie danych) (Tekst maj\u0105cy znaczenie dla EOG, dalej: RODO), kt\u00f3ry umo\u017cliwia przetwarzanie danych w sytuacji gdy jest to niezb\u0119dne do realizacji prawnie uzasadnionych interes\u00f3w Administratora. Celem przetwarzania danych jest prowadzenie dzia\u0142a\u0144 marketingowych dotycz\u0105cych produkt\u00f3w lub us\u0142ug Administratora.<\/p><p class=\"p2\"><b>Czas przetwarzania danych<\/b><\/p><p class=\"p2\">Pani\/Pana dane osobowe b\u0119d\u0105 przetwarzane przez okres prowadzenia kampanii marketingowej przez Administratora, nie d\u0142u\u017cej ni\u017c 3 miesi\u0119cy od daty ich zebrania.<\/p><p class=\"p2\"><b>\u0179r\u00f3d\u0142o danych<\/b><\/p><p class=\"p1\">Informujemy, \u017ce Pani\/Pana dane zosta\u0142y pozyskane z publicznych baz danych, znajduj\u0105cych si\u0119 w Internecie.<\/p><p class=\"p2\"><b>Odbiorcy danych<\/b><\/p><p class=\"p1\">Mo\u017cemy przekaza\u0107 Pani\/Pana dane osobowe na rzecz podmiotu, kt\u00f3ry realizuje na nasz\u0105 rzecz zautomatyzowan\u0105 wysy\u0142k\u0119 wiadomo\u015bci marketingowych.<\/p><p class=\"p2\"><b>Uprawnienia<\/b><\/p><p class=\"p2\">Ma Pani\/Pan prawo do: dost\u0119pu do swoich danych osobowych, \u017c\u0105dania ich sprostowania, \u017c\u0105dania ograniczenia ich przetwarzania, \u017c\u0105dania usuni\u0119cia danych osobowych oraz wyra\u017cenia sprzeciwu wobec przetwarzania Pani\/Pana danych osobowych.<\/p><p class=\"p2\"><b>Zautomatyzowane podejmowanie decyzji<\/b><\/p><p class=\"p1\">Pani\/Pana dane osobowe nie b\u0119d\u0105 wykorzystywane do zautomatyzowanego podejmowania decyzji, w tym profilowania.<\/p><p class=\"p2\"><b>Prawo do skargi<\/b><\/p><p class=\"p1\">W przypadku gdy uzna Pani\/Pan, \u017ce Pani\/Pana dane osobowe s\u0105 przetwarzane niezgodnie z prawem, ma Pani\/Pan prawo do wniesienia skargi do organu nadzorczego \u2013 Prezesa Urz\u0119du Ochrony Danych Osobowych.<\/p>\t\t\t\t\t\t\t\t<\/div>\n\t\t\t\t<\/div>\n\t\t\t\t\t<\/div>\n\t\t\t\t<\/div>\n\t\t\t\t<\/div>","protected":false},"excerpt":{"rendered":"<p>Obowi\u0105zek informacyjny: Administrator Administratorem Pani\/Pana danych osobowych jest BE Partners Sp\u00f3\u0142ka z Ograniczon\u0105 Odpowiedzialno\u015bci\u0105, ul. Lubczykowa 13, 55-003 Krzyk\u00f3w, NIP: 896 161 1973, REGON: 521520621 Mo\u017ce si\u0119 Pani\/Pan skontaktowa\u0107 z Administratorem danych wysy\u0142aj\u0105c wiadomo\u015b\u0107 e-mail na adres: kontakt@lean-construction.pl Podstawa i cel przetwarzania Pani\/Pana dane osobowe obejmuj\u0105ce imi\u0119, nazwisko oraz adres e-mail b\u0119d\u0105 przetwarzane na podstawie [&hellip;]<\/p>\n","protected":false},"author":1,"featured_media":0,"parent":0,"menu_order":0,"comment_status":"closed","ping_status":"closed","template":"","meta":{"_acf_changed":false,"iawp_total_views":0,"footnotes":""},"class_list":["post-1982","page","type-page","status-publish","hentry"],"acf":[],"_links":{"self":[{"href":"https:\/\/lean-construction.pl\/en\/wp-json\/wp\/v2\/pages\/1982","targetHints":{"allow":["GET"]}}],"collection":[{"href":"https:\/\/lean-construction.pl\/en\/wp-json\/wp\/v2\/pages"}],"about":[{"href":"https:\/\/lean-construction.pl\/en\/wp-json\/wp\/v2\/types\/page"}],"author":[{"embeddable":true,"href":"https:\/\/lean-construction.pl\/en\/wp-json\/wp\/v2\/users\/1"}],"replies":[{"embeddable":true,"href":"https:\/\/lean-construction.pl\/en\/wp-json\/wp\/v2\/comments?post=1982"}],"version-history":[{"count":4,"href":"https:\/\/lean-construction.pl\/en\/wp-json\/wp\/v2\/pages\/1982\/revisions"}],"predecessor-version":[{"id":1986,"href":"https:\/\/lean-construction.pl\/en\/wp-json\/wp\/v2\/pages\/1982\/revisions\/1986"}],"wp:attachment":[{"href":"https:\/\/lean-construction.pl\/en\/wp-json\/wp\/v2\/media?parent=1982"}],"curies":[{"name":"wp","href":"https:\/\/api.w.org\/{rel}","templated":true}]}}